{"id":1252,"date":"2022-08-08T15:59:42","date_gmt":"2022-08-08T15:59:42","guid":{"rendered":"https:\/\/petradihotel.gr\/ueber-uns\/"},"modified":"2022-08-22T08:53:56","modified_gmt":"2022-08-22T08:53:56","slug":"about","status":"publish","type":"page","link":"https:\/\/petradihotel.gr\/de\/about\/","title":{"rendered":"\u00fcber uns"},"content":{"rendered":"<p>[vc_section full_width=&#8220;stretch_row_content&#8220; el_class=&#8220;page-section section1&#8243; woodmart_css_id=&#8220;62e7afe86cf8f&#8220; responsive_spacing=&#8220;eyJwYXJhbV90eXBlIjoid29vZG1hcnRfcmVzcG9uc2l2ZV9zcGFjaW5nIiwic2VsZWN0b3JfaWQiOiI2MmU3YWZlODZjZjhmIiwic2hvcnRjb2RlIjoidmNfc2VjdGlvbiIsImRhdGEiOnsidGFibGV0Ijp7fSwibW9iaWxlIjp7fX19&#8243; mobile_bg_img_hidden=&#8220;no&#8220; tablet_bg_img_hidden=&#8220;no&#8220; woodmart_parallax=&#8220;0&#8243; woodmart_gradient_switch=&#8220;no&#8220; woodmart_box_shadow=&#8220;no&#8220; wd_z_index=&#8220;no&#8220; woodmart_disable_overflow=&#8220;0&#8243; css=&#8220;.vc_custom_1659351038055{background-image: url(https:\/\/petradihotel.gr\/wp-content\/uploads\/2022\/08\/about-title-bg1.jpg?id=709) !important;}&#8220;][vc_row el_class=&#8220;section-row row1&#8243; woodmart_css_id=&#8220;62bd767a081d0&#8243; responsive_spacing=&#8220;eyJwYXJhbV90eXBlIjoid29vZG1hcnRfcmVzcG9uc2l2ZV9zcGFjaW5nIiwic2VsZWN0b3JfaWQiOiI2MmJkNzY3YTA4MWQwIiwic2hvcnRjb2RlIjoidmNfcm93IiwiZGF0YSI6eyJ0YWJsZXQiOnt9LCJtb2JpbGUiOnt9fX0=&#8220; mobile_bg_img_hidden=&#8220;no&#8220; tablet_bg_img_hidden=&#8220;no&#8220; woodmart_parallax=&#8220;0&#8243; woodmart_gradient_switch=&#8220;no&#8220; woodmart_box_shadow=&#8220;no&#8220; wd_z_index=&#8220;no&#8220; woodmart_disable_overflow=&#8220;0&#8243; row_reverse_mobile=&#8220;0&#8243; row_reverse_tablet=&#8220;0&#8243;][vc_column][vc_empty_space height=&#8220;20vh&#8220; woodmart_hide_large=&#8220;0&#8243; woodmart_hide_medium=&#8220;0&#8243; woodmart_hide_small=&#8220;0&#8243;]\t\t\t<link rel=\"stylesheet\" id=\"wd-section-title-css\" href=\"https:\/\/petradihotel.gr\/wp-content\/themes\/woodmart\/css\/parts\/el-section-title.min.css?ver=6.4.2\" type=\"text\/css\" media=\"all\" \/> \t\t\t\t\t\t<link rel=\"stylesheet\" id=\"wd-mod-highlighted-text-css\" href=\"https:\/\/petradihotel.gr\/wp-content\/themes\/woodmart\/css\/parts\/mod-highlighted-text.min.css?ver=6.4.2\" type=\"text\/css\" media=\"all\" \/> \t\t\t\n\t\t<div id=\"wd-63034393160ad\" class=\"title-wrapper wd-wpb set-mb-s reset-last-child  wd-rs-63034393160ad wd-title-color-white wd-title-style-default wd-width-100 text-center  wd-underline-colored\">\n\t\t\t\n\t\t\t<div class=\"liner-continer\">\n\t\t\t\t<h4 class=\"woodmart-title-container title  wd-font-weight- wd-fontsize-xxxl\" >\u00fcber uns<\/h4>\n\t\t\t\t\t\t\t<\/div>\n\t\t\t\n\t\t\t\t\t\t\t<div class=\"title-after_title  set-cont-mb-s reset-last-child  wd-fontsize-s\">Eine besondere Kombination aus traditioneller \u00c4sthetik und Ihrer Stimmung.<\/div>\n\t\t\t\n\t\t\t\n\t\t<\/div>\n\t\t\n\t\t[vc_empty_space height=&#8220;20vh&#8220; woodmart_hide_large=&#8220;0&#8243; woodmart_hide_medium=&#8220;0&#8243; woodmart_hide_small=&#8220;0&#8243;][\/vc_column][\/vc_row][\/vc_section][vc_section el_class=&#8220;page-section section2&#8243; woodmart_css_id=&#8220;62c6c00466767&#8243; responsive_spacing=&#8220;eyJwYXJhbV90eXBlIjoid29vZG1hcnRfcmVzcG9uc2l2ZV9zcGFjaW5nIiwic2VsZWN0b3JfaWQiOiI2MmM2YzAwNDY2NzY3Iiwic2hvcnRjb2RlIjoidmNfc2VjdGlvbiIsImRhdGEiOnsidGFibGV0Ijp7fSwibW9iaWxlIjp7fX19&#8243; mobile_bg_img_hidden=&#8220;no&#8220; tablet_bg_img_hidden=&#8220;no&#8220; woodmart_parallax=&#8220;0&#8243; woodmart_gradient_switch=&#8220;no&#8220; woodmart_box_shadow=&#8220;no&#8220; wd_z_index=&#8220;no&#8220; woodmart_disable_overflow=&#8220;0&#8243;][vc_row css_animation=&#8220;slideInUp&#8220; el_class=&#8220;section-row row1&#8243; woodmart_css_id=&#8220;62c6c186b7705&#8243; responsive_spacing=&#8220;eyJwYXJhbV90eXBlIjoid29vZG1hcnRfcmVzcG9uc2l2ZV9zcGFjaW5nIiwic2VsZWN0b3JfaWQiOiI2MmM2YzE4NmI3NzA1Iiwic2hvcnRjb2RlIjoidmNfcm93IiwiZGF0YSI6eyJ0YWJsZXQiOnt9LCJtb2JpbGUiOnt9fX0=&#8220; mobile_bg_img_hidden=&#8220;no&#8220; tablet_bg_img_hidden=&#8220;no&#8220; woodmart_parallax=&#8220;0&#8243; woodmart_gradient_switch=&#8220;no&#8220; woodmart_box_shadow=&#8220;no&#8220; wd_z_index=&#8220;no&#8220; woodmart_disable_overflow=&#8220;0&#8243; row_reverse_mobile=&#8220;0&#8243; row_reverse_tablet=&#8220;0&#8243;][vc_column][vc_empty_space height=&#8220;12vh&#8220; woodmart_hide_large=&#8220;0&#8243; woodmart_hide_medium=&#8220;0&#8243; woodmart_hide_small=&#8220;0&#8243;]\n\t\t<div id=\"wd-630343be43de0\" class=\"title-wrapper wd-wpb set-mb-s reset-last-child  wd-rs-630343be43de0 wd-title-color-default wd-title-style-bordered wd-width-100 text-left  wd-underline-colored\">\n\t\t\t\n\t\t\t<div class=\"liner-continer\">\n\t\t\t\t<h4 class=\"woodmart-title-container title  wd-font-weight-500 wd-fontsize-xxl\" >Petradi Hotel, das ganze Jahr \u00fcber der luxuri\u00f6se, ruhige und sichere Ausgangspunkt f\u00fcr Ihren Ausflug nach Pilion!<\/h4>\n\t\t\t\t\t\t\t<\/div>\n\t\t\t\n\t\t\t\n\t\t\t\n\t\t<\/div>\n\t\t\n\t\t[vc_empty_space woodmart_hide_large=&#8220;0&#8243; woodmart_hide_medium=&#8220;0&#8243; woodmart_hide_small=&#8220;0&#8243;]\t\t\t<link rel=\"stylesheet\" id=\"wd-text-block-css\" href=\"https:\/\/petradihotel.gr\/wp-content\/themes\/woodmart\/css\/parts\/el-text-block.min.css?ver=6.4.2\" type=\"text\/css\" media=\"all\" \/> \t\t\t\t\t<div id=\"wd-62f132726c3a3\" class=\"wd-text-block wd-wpb reset-last-child wd-rs-62f132726c3a3 wd-width-100 text-left wd-fontsize-custom \">\n\t\t\t<p>In dem Berg der Legenden und Mythologie, von unvergleichlicher nat\u00fcrlicher Sch\u00f6nheit, wo sich das Gr\u00fcn der Berge mit dem tiefen Blau des Meeres vermischt, liegt das sch\u00f6ne Kalamaki, das Dorf des legend\u00e4ren Steins von Pilion. Da ist das Petradi Hotel, bereit, Ihnen einen komfortablen und unvergesslichen Aufenthalt zu bieten.<\/p>\n<p>In einer Entfernung von nur 32 km. von Volos, 15 km. vor Tsagarada und 15 Minuten nach Milies nimmt Kalamaki &#8211; oder Propan, wie es die Einheimischen nennen &#8211; dank der Einzigartigkeit seiner Landschaft sowie dank unseres neu erbauten Hotels, ein echtes Juwel f\u00fcr Der Ort, der von seiner Besitzerin, Frau, mit gro\u00dfer Sorgfalt gepflegt wird. Fouli Lemoni und eines der besten und billigsten Hotels in Ost-Pilion.<\/p>\n\t\t<\/div>\n\t\t[vc_empty_space height=&#8220;12vh&#8220; woodmart_hide_large=&#8220;0&#8243; woodmart_hide_medium=&#8220;0&#8243; woodmart_hide_small=&#8220;0&#8243;][\/vc_column][\/vc_row][vc_row gap=&#8220;35&#8243; el_class=&#8220;section-row row2&#8243; woodmart_css_id=&#8220;62bd965fdecff&#8220; responsive_spacing=&#8220;eyJwYXJhbV90eXBlIjoid29vZG1hcnRfcmVzcG9uc2l2ZV9zcGFjaW5nIiwic2VsZWN0b3JfaWQiOiI2MmJkOTY1ZmRlY2ZmIiwic2hvcnRjb2RlIjoidmNfcm93IiwiZGF0YSI6eyJ0YWJsZXQiOnt9LCJtb2JpbGUiOnt9fX0=&#8220; mobile_bg_img_hidden=&#8220;no&#8220; tablet_bg_img_hidden=&#8220;no&#8220; woodmart_parallax=&#8220;0&#8243; woodmart_gradient_switch=&#8220;no&#8220; woodmart_box_shadow=&#8220;no&#8220; wd_z_index=&#8220;no&#8220; woodmart_disable_overflow=&#8220;0&#8243; row_reverse_mobile=&#8220;0&#8243; row_reverse_tablet=&#8220;0&#8243;][vc_column css=&#8220;.vc_custom_1659974318712{padding-right: 50px !important;padding-left: 50px !important;}&#8220; woodmart_css_id=&#8220;62f132a2f2a7f&#8220; parallax_scroll=&#8220;no&#8220; woodmart_sticky_column=&#8220;false&#8220; wd_collapsible_content_switcher=&#8220;no&#8220; wd_column_role_offcanvas_desktop=&#8220;no&#8220; wd_column_role_offcanvas_tablet=&#8220;no&#8220; wd_column_role_offcanvas_mobile=&#8220;no&#8220; wd_column_role_content_desktop=&#8220;no&#8220; wd_column_role_content_tablet=&#8220;no&#8220; wd_column_role_content_mobile=&#8220;no&#8220; mobile_bg_img_hidden=&#8220;no&#8220; tablet_bg_img_hidden=&#8220;no&#8220; woodmart_parallax=&#8220;0&#8243; woodmart_box_shadow=&#8220;no&#8220; responsive_spacing=&#8220;eyJwYXJhbV90eXBlIjoid29vZG1hcnRfcmVzcG9uc2l2ZV9zcGFjaW5nIiwic2VsZWN0b3JfaWQiOiI2MmYxMzJhMmYyYTdmIiwic2hvcnRjb2RlIjoidmNfY29sdW1uIiwiZGF0YSI6eyJ0YWJsZXQiOnt9LCJtb2JpbGUiOnt9fX0=&#8220; mobile_reset_margin=&#8220;no&#8220; tablet_reset_margin=&#8220;no&#8220; wd_z_index=&#8220;no&#8220; el_class=&#8220;row-col col1&#8243; offset=&#8220;vc_col-lg-6 vc_col-md-6&#8243;][vc_single_image image=&#8220;1291&#8243; img_size=&#8220;full&#8220; parallax_scroll=&#8220;no&#8220; woodmart_inline=&#8220;no&#8220; el_class=&#8220;row-img img1&#8243;][vc_raw_html]PGRpdiBjbGFzcz0iaW1nLXNoYXBlIHRvLXJpZ2h0Ij48L2Rpdj4=[\/vc_raw_html][\/vc_column][vc_column scroll_x=&#8220;0&#8243; scroll_y=&#8220;100&#8243; scroll_z=&#8220;0&#8243; woodmart_css_id=&#8220;62f132dfc409e&#8220; parallax_scroll=&#8220;yes&#8220; woodmart_sticky_column=&#8220;false&#8220; wd_collapsible_content_switcher=&#8220;no&#8220; wd_column_role_offcanvas_desktop=&#8220;no&#8220; wd_column_role_offcanvas_tablet=&#8220;no&#8220; wd_column_role_offcanvas_mobile=&#8220;no&#8220; wd_column_role_content_desktop=&#8220;no&#8220; wd_column_role_content_tablet=&#8220;no&#8220; wd_column_role_content_mobile=&#8220;no&#8220; mobile_bg_img_hidden=&#8220;no&#8220; tablet_bg_img_hidden=&#8220;no&#8220; woodmart_parallax=&#8220;0&#8243; woodmart_box_shadow=&#8220;no&#8220; responsive_spacing=&#8220;eyJwYXJhbV90eXBlIjoid29vZG1hcnRfcmVzcG9uc2l2ZV9zcGFjaW5nIiwic2VsZWN0b3JfaWQiOiI2MmYxMzJkZmM0MDllIiwic2hvcnRjb2RlIjoidmNfY29sdW1uIiwiZGF0YSI6eyJ0YWJsZXQiOnt9LCJtb2JpbGUiOnt9fX0=&#8220; mobile_reset_margin=&#8220;no&#8220; tablet_reset_margin=&#8220;no&#8220; wd_z_index=&#8220;no&#8220; offset=&#8220;vc_col-lg-6 vc_col-md-6&#8243;][vc_empty_space height=&#8220;6vh&#8220; woodmart_hide_large=&#8220;0&#8243; woodmart_hide_medium=&#8220;0&#8243; woodmart_hide_small=&#8220;0&#8243;]\t\t<div id=\"wd-62f1328214efa\" class=\"wd-text-block wd-wpb reset-last-child wd-rs-62f1328214efa wd-width-100 text-left wd-fontsize-custom \">\n\t\t\t<p>Seine Geschichte spricht f\u00fcr diesen gesegneten Ort. Sein Name beschreibt ihn. Kalamaki verdankt seinen Namen dem einmalig sch\u00f6nen gleichnamigen Strand, der ca. 2 km entfernt liegt. aus der Mitte des Dorfes, in dem gurgelndes Wasser aus einer Quelle sprudelt, die zwischen den Felsen entspringt. In der Vergangenheit steckten die Einwohner ein Schilfrohr in die Quelle, um es als nat\u00fcrlichen Wasserhahn zum Trinken des Wassers oder zum Abwaschen des Salzgehalts zu verwenden.<\/p>\n<p>Den zweiten Namen Propan verdankt es dem Wort \u201ePropantos\u201c. Es ist das Dorf, das vor allem allen anderen D\u00f6rfern des nord\u00f6stlichen Pilion wie Milies oder Tsagarada, dem \u00c4g\u00e4ischen Meer und der Sonne, die durch es aufgeht, gegen\u00fcbersteht. Von dort aus wird der traditionelle Stein des Pilion \u2013 bekannt als \u201ePropan-Platte\u201c \u2013 abgebaut, aus dem unter anderem die Kl\u00f6ster des Berges Athos und das Kopfsteinpflaster im gesamten Ost-Pilion gebaut wurden.<\/p>\n\t\t<\/div>\n\t\t[\/vc_column][\/vc_row][vc_row][vc_column][vc_empty_space height=&#8220;12vh&#8220; woodmart_hide_large=&#8220;0&#8243; woodmart_hide_medium=&#8220;0&#8243; woodmart_hide_small=&#8220;0&#8243;][\/vc_column][\/vc_row][vc_row gap=&#8220;35&#8243; responsive_tabs_advanced=&#8220;mobile&#8220; el_class=&#8220;section-row row3&#8243; woodmart_css_id=&#8220;62f132ce645c0&#8243; responsive_spacing=&#8220;eyJwYXJhbV90eXBlIjoid29vZG1hcnRfcmVzcG9uc2l2ZV9zcGFjaW5nIiwic2VsZWN0b3JfaWQiOiI2MmYxMzJjZTY0NWMwIiwic2hvcnRjb2RlIjoidmNfcm93IiwiZGF0YSI6eyJ0YWJsZXQiOnt9LCJtb2JpbGUiOnt9fX0=&#8220; mobile_bg_img_hidden=&#8220;no&#8220; tablet_bg_img_hidden=&#8220;no&#8220; woodmart_parallax=&#8220;0&#8243; woodmart_gradient_switch=&#8220;no&#8220; woodmart_box_shadow=&#8220;no&#8220; wd_z_index=&#8220;no&#8220; woodmart_disable_overflow=&#8220;0&#8243; row_reverse_mobile=&#8220;1&#8243; row_reverse_tablet=&#8220;1&#8243;][vc_column scroll_x=&#8220;0&#8243; scroll_y=&#8220;100&#8243; scroll_z=&#8220;0&#8243; woodmart_css_id=&#8220;62f132b32b9c1&#8243; parallax_scroll=&#8220;yes&#8220; woodmart_sticky_column=&#8220;false&#8220; wd_collapsible_content_switcher=&#8220;no&#8220; wd_column_role_offcanvas_desktop=&#8220;no&#8220; wd_column_role_offcanvas_tablet=&#8220;no&#8220; wd_column_role_offcanvas_mobile=&#8220;no&#8220; wd_column_role_content_desktop=&#8220;no&#8220; wd_column_role_content_tablet=&#8220;no&#8220; wd_column_role_content_mobile=&#8220;no&#8220; mobile_bg_img_hidden=&#8220;no&#8220; tablet_bg_img_hidden=&#8220;no&#8220; woodmart_parallax=&#8220;0&#8243; woodmart_box_shadow=&#8220;no&#8220; responsive_spacing=&#8220;eyJwYXJhbV90eXBlIjoid29vZG1hcnRfcmVzcG9uc2l2ZV9zcGFjaW5nIiwic2VsZWN0b3JfaWQiOiI2MmYxMzJiMzJiOWMxIiwic2hvcnRjb2RlIjoidmNfY29sdW1uIiwiZGF0YSI6eyJ0YWJsZXQiOnt9LCJtb2JpbGUiOnt9fX0=&#8220; mobile_reset_margin=&#8220;no&#8220; tablet_reset_margin=&#8220;no&#8220; wd_z_index=&#8220;no&#8220; offset=&#8220;vc_col-lg-6 vc_col-md-6&#8243;][vc_empty_space height=&#8220;6vh&#8220; woodmart_hide_large=&#8220;0&#8243; woodmart_hide_medium=&#8220;0&#8243; woodmart_hide_small=&#8220;0&#8243;]\t\t<div id=\"wd-62f133307bcc3\" class=\"wd-text-block wd-wpb reset-last-child wd-rs-62f133307bcc3 wd-width-100 text-left wd-fontsize-custom \">\n\t\t\t<p>Das Hotel Petradi im Zentrum von Pilion, zwischen Milies und Tsagarada, mit einfachem Zugang zum Golf von Pagasitiko und der \u00c4g\u00e4is, ist einzigartig f\u00fcr Besucher, die den Pilion umrunden und seine traditionellen D\u00f6rfer und Siedlungen besichtigen m\u00f6chten.<\/p>\n<p>Das Petradi Hotel ist die ideale Wahl f\u00fcr diejenigen, die eine luxuri\u00f6se Unterkunft inmitten unber\u00fchrter Natur, Ruhe und Entspannung suchen, mit der Option auf schnellen und einfachen Zugang zu Unterhaltung. In zwei Worten, es sind der Ort und die Menschen, die Ihren Urlaub in Ost-Pilion herrlich unvergesslich machen werden.<\/p>\n\t\t<\/div>\n\t\t[\/vc_column][vc_column css=&#8220;.vc_custom_1659974348005{padding-right: 50px !important;padding-left: 50px !important;}&#8220; woodmart_css_id=&#8220;62f132bfa839d&#8220; parallax_scroll=&#8220;no&#8220; woodmart_sticky_column=&#8220;false&#8220; wd_collapsible_content_switcher=&#8220;no&#8220; wd_column_role_offcanvas_desktop=&#8220;no&#8220; wd_column_role_offcanvas_tablet=&#8220;no&#8220; wd_column_role_offcanvas_mobile=&#8220;no&#8220; wd_column_role_content_desktop=&#8220;no&#8220; wd_column_role_content_tablet=&#8220;no&#8220; wd_column_role_content_mobile=&#8220;no&#8220; mobile_bg_img_hidden=&#8220;no&#8220; tablet_bg_img_hidden=&#8220;no&#8220; woodmart_parallax=&#8220;0&#8243; woodmart_box_shadow=&#8220;no&#8220; responsive_spacing=&#8220;eyJwYXJhbV90eXBlIjoid29vZG1hcnRfcmVzcG9uc2l2ZV9zcGFjaW5nIiwic2VsZWN0b3JfaWQiOiI2MmYxMzJiZmE4MzlkIiwic2hvcnRjb2RlIjoidmNfY29sdW1uIiwiZGF0YSI6eyJ0YWJsZXQiOnt9LCJtb2JpbGUiOnt9fX0=&#8220; mobile_reset_margin=&#8220;no&#8220; tablet_reset_margin=&#8220;no&#8220; wd_z_index=&#8220;no&#8220; el_class=&#8220;row-col col2&#8243; offset=&#8220;vc_col-lg-6 vc_col-md-6&#8243;][vc_single_image image=&#8220;1292&#8243; img_size=&#8220;full&#8220; parallax_scroll=&#8220;no&#8220; woodmart_inline=&#8220;no&#8220; el_class=&#8220;row-img img1&#8243;][vc_raw_html]PGRpdiBjbGFzcz0iaW1nLXNoYXBlIHRvLWxlZnQiPjwvZGl2Pg==[\/vc_raw_html][\/vc_column][\/vc_row][\/vc_section][vc_row][vc_column][vc_empty_space height=&#8220;12vh&#8220; woodmart_hide_large=&#8220;0&#8243; woodmart_hide_medium=&#8220;0&#8243; woodmart_hide_small=&#8220;0&#8243;][\/vc_column][\/vc_row]<\/p>\n","protected":false},"excerpt":{"rendered":"<p>[vc_section full_width=&#8220;stretch_row_content&#8220; el_class=&#8220;page-section section1&#8243; woodmart_css_id=&#8220;62e7afe86cf8f&#8220; responsive_spacing=&#8220;eyJwYXJhbV90eXBlIjoid29vZG1hcnRfcmVzcG9uc2l2ZV9zcGFjaW5nIiwic2VsZWN0b3JfaWQiOiI2MmU3YWZlODZjZjhmIiwic2hvcnRjb2RlIjoidmNfc2VjdGlvbiIsImRhdGEiOnsidGFibGV0Ijp7fSwibW9iaWxlIjp7fX19&#8243; mobile_bg_img_hidden=&#8220;no&#8220; tablet_bg_img_hidden=&#8220;no&#8220; woodmart_parallax=&#8220;0&#8243; woodmart_gradient_switch=&#8220;no&#8220; woodmart_box_shadow=&#8220;no&#8220; wd_z_index=&#8220;no&#8220; woodmart_disable_overflow=&#8220;0&#8243; css=&#8220;.vc_custom_1659351038055{background-image: url(https:\/\/petradihotel.gr\/wp-content\/uploads\/2022\/08\/about-title-bg1.jpg?id=709) !important;}&#8220;][vc_row el_class=&#8220;section-row row1&#8243; woodmart_css_id=&#8220;62bd767a081d0&#8243; responsive_spacing=&#8220;eyJwYXJhbV90eXBlIjoid29vZG1hcnRfcmVzcG9uc2l2ZV9zcGFjaW5nIiwic2VsZWN0b3JfaWQiOiI2MmJkNzY3YTA4MWQwIiwic2hvcnRjb2RlIjoidmNfcm93IiwiZGF0YSI6eyJ0YWJsZXQiOnt9LCJtb2JpbGUiOnt9fX0=&#8220;<\/p>\n","protected":false},"author":1,"featured_media":0,"parent":0,"menu_order":0,"comment_status":"closed","ping_status":"closed","template":"","meta":[],"yoast_head":"<!-- This site is optimized with the Yoast SEO plugin v20.4 - https:\/\/yoast.com\/wordpress\/plugins\/seo\/ -->\n<title>\u00fcber uns | Petradi Hotel<\/title>\n<meta name=\"robots\" content=\"index, follow, max-snippet:-1, max-image-preview:large, max-video-preview:-1\" \/>\n<link rel=\"canonical\" href=\"https:\/\/petradihotel.gr\/de\/about\/\" \/>\n<meta property=\"og:locale\" content=\"de_DE\" \/>\n<meta property=\"og:type\" content=\"article\" \/>\n<meta property=\"og:title\" content=\"\u00fcber uns | Petradi Hotel\" \/>\n<meta property=\"og:description\" content=\"[vc_section full_width=&#8220;stretch_row_content&#8220; el_class=&#8220;page-section section1&#8243; woodmart_css_id=&#8220;62e7afe86cf8f&#8220; responsive_spacing=&#8220;eyJwYXJhbV90eXBlIjoid29vZG1hcnRfcmVzcG9uc2l2ZV9zcGFjaW5nIiwic2VsZWN0b3JfaWQiOiI2MmU3YWZlODZjZjhmIiwic2hvcnRjb2RlIjoidmNfc2VjdGlvbiIsImRhdGEiOnsidGFibGV0Ijp7fSwibW9iaWxlIjp7fX19&#8243; mobile_bg_img_hidden=&#8220;no&#8220; tablet_bg_img_hidden=&#8220;no&#8220; woodmart_parallax=&#8220;0&#8243; woodmart_gradient_switch=&#8220;no&#8220; woodmart_box_shadow=&#8220;no&#8220; wd_z_index=&#8220;no&#8220; woodmart_disable_overflow=&#8220;0&#8243; css=&#8220;.vc_custom_1659351038055{background-image: url(https:\/\/petradihotel.gr\/wp-content\/uploads\/2022\/08\/about-title-bg1.jpg?id=709) !important;}&#8220;][vc_row el_class=&#8220;section-row row1&#8243; woodmart_css_id=&#8220;62bd767a081d0&#8243; responsive_spacing=&#8220;eyJwYXJhbV90eXBlIjoid29vZG1hcnRfcmVzcG9uc2l2ZV9zcGFjaW5nIiwic2VsZWN0b3JfaWQiOiI2MmJkNzY3YTA4MWQwIiwic2hvcnRjb2RlIjoidmNfcm93IiwiZGF0YSI6eyJ0YWJsZXQiOnt9LCJtb2JpbGUiOnt9fX0=&#8220;\" \/>\n<meta property=\"og:url\" content=\"https:\/\/petradihotel.gr\/de\/about\/\" \/>\n<meta property=\"og:site_name\" content=\"Petradi Hotel\" \/>\n<meta property=\"article:publisher\" content=\"https:\/\/www.facebook.com\/petradihotelpelion\/\" \/>\n<meta property=\"article:modified_time\" content=\"2022-08-22T08:53:56+00:00\" \/>\n<meta name=\"twitter:card\" content=\"summary_large_image\" \/>\n<meta name=\"twitter:label1\" content=\"Gesch\u00e4tzte Lesezeit\" \/>\n\t<meta name=\"twitter:data1\" content=\"10\u00a0Minuten\" \/>\n<script type=\"application\/ld+json\" class=\"yoast-schema-graph\">{\"@context\":\"https:\/\/schema.org\",\"@graph\":[{\"@type\":\"WebPage\",\"@id\":\"https:\/\/petradihotel.gr\/de\/about\/\",\"url\":\"https:\/\/petradihotel.gr\/de\/about\/\",\"name\":\"\u00fcber uns | Petradi Hotel\",\"isPartOf\":{\"@id\":\"https:\/\/petradihotel.gr\/#website\"},\"datePublished\":\"2022-08-08T15:59:42+00:00\",\"dateModified\":\"2022-08-22T08:53:56+00:00\",\"breadcrumb\":{\"@id\":\"https:\/\/petradihotel.gr\/de\/about\/#breadcrumb\"},\"inLanguage\":\"de\",\"potentialAction\":[{\"@type\":\"ReadAction\",\"target\":[\"https:\/\/petradihotel.gr\/de\/about\/\"]}]},{\"@type\":\"BreadcrumbList\",\"@id\":\"https:\/\/petradihotel.gr\/de\/about\/#breadcrumb\",\"itemListElement\":[{\"@type\":\"ListItem\",\"position\":1,\"name\":\"\u0391\u03c1\u03c7\u03b9\u03ba\u03ae\",\"item\":\"https:\/\/petradihotel.gr\/de\/\"},{\"@type\":\"ListItem\",\"position\":2,\"name\":\"\u00fcber uns\"}]},{\"@type\":\"WebSite\",\"@id\":\"https:\/\/petradihotel.gr\/#website\",\"url\":\"https:\/\/petradihotel.gr\/\",\"name\":\"Petradi Hotel\",\"description\":\"3star All Seasons Hotel in Kalamaki, Pelion\",\"publisher\":{\"@id\":\"https:\/\/petradihotel.gr\/#organization\"},\"potentialAction\":[{\"@type\":\"SearchAction\",\"target\":{\"@type\":\"EntryPoint\",\"urlTemplate\":\"https:\/\/petradihotel.gr\/?s={search_term_string}\"},\"query-input\":\"required name=search_term_string\"}],\"inLanguage\":\"de\"},{\"@type\":\"Organization\",\"@id\":\"https:\/\/petradihotel.gr\/#organization\",\"name\":\"Petradi Hotel\",\"url\":\"https:\/\/petradihotel.gr\/\",\"logo\":{\"@type\":\"ImageObject\",\"inLanguage\":\"de\",\"@id\":\"https:\/\/petradihotel.gr\/#\/schema\/logo\/image\/\",\"url\":\"https:\/\/petradihotel.gr\/wp-content\/uploads\/2023\/03\/pilio_diamoni_petradi_hotel_logo_main.png\",\"contentUrl\":\"https:\/\/petradihotel.gr\/wp-content\/uploads\/2023\/03\/pilio_diamoni_petradi_hotel_logo_main.png\",\"width\":393,\"height\":117,\"caption\":\"Petradi Hotel\"},\"image\":{\"@id\":\"https:\/\/petradihotel.gr\/#\/schema\/logo\/image\/\"},\"sameAs\":[\"https:\/\/www.facebook.com\/petradihotelpelion\/\",\"https:\/\/www.instagram.com\/petradihotel\/\"]}]}<\/script>\n<!-- \/ Yoast SEO plugin. -->","yoast_head_json":{"title":"\u00fcber uns | Petradi Hotel","robots":{"index":"index","follow":"follow","max-snippet":"max-snippet:-1","max-image-preview":"max-image-preview:large","max-video-preview":"max-video-preview:-1"},"canonical":"https:\/\/petradihotel.gr\/de\/about\/","og_locale":"de_DE","og_type":"article","og_title":"\u00fcber uns | Petradi Hotel","og_description":"[vc_section full_width=&#8220;stretch_row_content&#8220; el_class=&#8220;page-section section1&#8243; woodmart_css_id=&#8220;62e7afe86cf8f&#8220; responsive_spacing=&#8220;eyJwYXJhbV90eXBlIjoid29vZG1hcnRfcmVzcG9uc2l2ZV9zcGFjaW5nIiwic2VsZWN0b3JfaWQiOiI2MmU3YWZlODZjZjhmIiwic2hvcnRjb2RlIjoidmNfc2VjdGlvbiIsImRhdGEiOnsidGFibGV0Ijp7fSwibW9iaWxlIjp7fX19&#8243; mobile_bg_img_hidden=&#8220;no&#8220; tablet_bg_img_hidden=&#8220;no&#8220; woodmart_parallax=&#8220;0&#8243; woodmart_gradient_switch=&#8220;no&#8220; woodmart_box_shadow=&#8220;no&#8220; wd_z_index=&#8220;no&#8220; woodmart_disable_overflow=&#8220;0&#8243; css=&#8220;.vc_custom_1659351038055{background-image: url(https:\/\/petradihotel.gr\/wp-content\/uploads\/2022\/08\/about-title-bg1.jpg?id=709) !important;}&#8220;][vc_row el_class=&#8220;section-row row1&#8243; woodmart_css_id=&#8220;62bd767a081d0&#8243; responsive_spacing=&#8220;eyJwYXJhbV90eXBlIjoid29vZG1hcnRfcmVzcG9uc2l2ZV9zcGFjaW5nIiwic2VsZWN0b3JfaWQiOiI2MmJkNzY3YTA4MWQwIiwic2hvcnRjb2RlIjoidmNfcm93IiwiZGF0YSI6eyJ0YWJsZXQiOnt9LCJtb2JpbGUiOnt9fX0=&#8220;","og_url":"https:\/\/petradihotel.gr\/de\/about\/","og_site_name":"Petradi Hotel","article_publisher":"https:\/\/www.facebook.com\/petradihotelpelion\/","article_modified_time":"2022-08-22T08:53:56+00:00","twitter_card":"summary_large_image","twitter_misc":{"Gesch\u00e4tzte Lesezeit":"10\u00a0Minuten"},"schema":{"@context":"https:\/\/schema.org","@graph":[{"@type":"WebPage","@id":"https:\/\/petradihotel.gr\/de\/about\/","url":"https:\/\/petradihotel.gr\/de\/about\/","name":"\u00fcber uns | Petradi Hotel","isPartOf":{"@id":"https:\/\/petradihotel.gr\/#website"},"datePublished":"2022-08-08T15:59:42+00:00","dateModified":"2022-08-22T08:53:56+00:00","breadcrumb":{"@id":"https:\/\/petradihotel.gr\/de\/about\/#breadcrumb"},"inLanguage":"de","potentialAction":[{"@type":"ReadAction","target":["https:\/\/petradihotel.gr\/de\/about\/"]}]},{"@type":"BreadcrumbList","@id":"https:\/\/petradihotel.gr\/de\/about\/#breadcrumb","itemListElement":[{"@type":"ListItem","position":1,"name":"\u0391\u03c1\u03c7\u03b9\u03ba\u03ae","item":"https:\/\/petradihotel.gr\/de\/"},{"@type":"ListItem","position":2,"name":"\u00fcber uns"}]},{"@type":"WebSite","@id":"https:\/\/petradihotel.gr\/#website","url":"https:\/\/petradihotel.gr\/","name":"Petradi Hotel","description":"3star All Seasons Hotel in Kalamaki, Pelion","publisher":{"@id":"https:\/\/petradihotel.gr\/#organization"},"potentialAction":[{"@type":"SearchAction","target":{"@type":"EntryPoint","urlTemplate":"https:\/\/petradihotel.gr\/?s={search_term_string}"},"query-input":"required name=search_term_string"}],"inLanguage":"de"},{"@type":"Organization","@id":"https:\/\/petradihotel.gr\/#organization","name":"Petradi Hotel","url":"https:\/\/petradihotel.gr\/","logo":{"@type":"ImageObject","inLanguage":"de","@id":"https:\/\/petradihotel.gr\/#\/schema\/logo\/image\/","url":"https:\/\/petradihotel.gr\/wp-content\/uploads\/2023\/03\/pilio_diamoni_petradi_hotel_logo_main.png","contentUrl":"https:\/\/petradihotel.gr\/wp-content\/uploads\/2023\/03\/pilio_diamoni_petradi_hotel_logo_main.png","width":393,"height":117,"caption":"Petradi Hotel"},"image":{"@id":"https:\/\/petradihotel.gr\/#\/schema\/logo\/image\/"},"sameAs":["https:\/\/www.facebook.com\/petradihotelpelion\/","https:\/\/www.instagram.com\/petradihotel\/"]}]}},"_links":{"self":[{"href":"https:\/\/petradihotel.gr\/de\/wp-json\/wp\/v2\/pages\/1252"}],"collection":[{"href":"https:\/\/petradihotel.gr\/de\/wp-json\/wp\/v2\/pages"}],"about":[{"href":"https:\/\/petradihotel.gr\/de\/wp-json\/wp\/v2\/types\/page"}],"author":[{"embeddable":true,"href":"https:\/\/petradihotel.gr\/de\/wp-json\/wp\/v2\/users\/1"}],"replies":[{"embeddable":true,"href":"https:\/\/petradihotel.gr\/de\/wp-json\/wp\/v2\/comments?post=1252"}],"version-history":[{"count":5,"href":"https:\/\/petradihotel.gr\/de\/wp-json\/wp\/v2\/pages\/1252\/revisions"}],"predecessor-version":[{"id":1428,"href":"https:\/\/petradihotel.gr\/de\/wp-json\/wp\/v2\/pages\/1252\/revisions\/1428"}],"wp:attachment":[{"href":"https:\/\/petradihotel.gr\/de\/wp-json\/wp\/v2\/media?parent=1252"}],"curies":[{"name":"wp","href":"https:\/\/api.w.org\/{rel}","templated":true}]}}