{"id":1201,"date":"2022-06-14T14:47:26","date_gmt":"2022-06-14T14:47:26","guid":{"rendered":"https:\/\/petradihotel.gr\/cookie-richtlinie-und-personenbezogene-daten\/"},"modified":"2022-08-11T10:30:56","modified_gmt":"2022-08-11T10:30:56","slug":"privacy-policy","status":"publish","type":"page","link":"https:\/\/petradihotel.gr\/de\/privacy-policy\/","title":{"rendered":"Cookie-Richtlinie und personenbezogene Daten"},"content":{"rendered":"<p>Datenschutz-Bestimmungen<\/p>\n<p>Die Datenschutzrichtlinie umfasst die Bedingungen f\u00fcr die Erhebung und Verwaltung der Daten von Besuchern\/Benutzern\/Mitgliedern (im Folgenden: Benutzer) unserer Website www.petradihotel.gr.<\/p>\n<p>F\u00fcr das einfache Surfen auf unserer Website werden keine personenbezogenen Daten des Benutzers erhoben.<\/p>\n<p>Die von den Benutzern bei der Registrierung auf der Online-Kommentarplattform bereitgestellten Informationen werden nur aus Sicherheitsgr\u00fcnden gem\u00e4\u00df den gesetzlichen Bestimmungen gespeichert.<\/p>\n<p>Cookies und IP-Adresse<\/p>\n<p>Wenn Sie eine unserer Websites besuchen, erhalten Sie ein oder mehrere Cookies auf Ihrem Computer. Ein Cookie ist eine kleine Datei, die auf Ihrem Computer oder Ger\u00e4t abgelegt wird, mit dem Sie im Internet surfen.<\/p>\n<p>Die von uns verwendeten Cookies sind die folgenden:<\/p>\n<p>1. Grundlegende Cookies<\/p>\n<p>Diese Cookies sind f\u00fcr den Betrieb unserer Website erforderlich, wenn eine Dienstregistrierung erforderlich ist (z. B. das Posten von Kommentaren). Ohne die Verwendung dieser Cookies kann der Kommentardienst unserer Website www.petradihotel.gr nicht funktionieren.<\/p>\n<p>2. Leistungsanalyse-Cookies<\/p>\n<p>Wir verwenden diese Arten von Cookies, um die Leistung unserer Websites zu \u00fcberwachen und wie ihre Benutzer sie verwenden k\u00f6nnen. Diese Cookies liefern uns Informationen, die uns dabei helfen, den Benutzern bessere Artikel und Dienstleistungen anzubieten. Sie helfen uns auch dabei, Bereiche unserer Website zu identifizieren, die nicht richtig funktionieren oder gewartet werden m\u00fcssen.<\/p>\n<p>3. Funktionale Cookies<\/p>\n<p>Funktionale Cookies werden f\u00fcr die Website verwendet, um Ihre Pr\u00e4ferenzen auf unseren Websites zu speichern. Dies kann alles sein, von der Erinnerung an Ihre Stadt bis hin zu einer Wettervorhersage oder dem Speichern Ihres Benutzernamens (falls erforderlich), damit Sie ihn nicht erneut eingeben m\u00fcssen, wenn Sie zu unserer Website www.petradihotel .gr zur\u00fcckkehren.<\/p>\n<p>Solange Sie unsere Website www.petradihotel.gr nutzen, stimmen Sie dem Senden der oben genannten Cookies an Ihr Ger\u00e4t vorbehaltlos zu.<\/p>\n<p>Wir k\u00f6nnen auch IP-Adressen verfolgen. Eine IP-Adresse ist eine Nummer, die den Internetanbieter und das Herkunftsland des Benutzers identifizieren kann. IP kann keine personenbezogenen Daten bereitstellen.<\/p>\n<p>ZUS\u00c4TZLICH: Wie Sie die Verwendung von Cookies \u00fcber die oben genannten Optionen hinaus steuern k\u00f6nnen<\/p>\n<p>Sie sind nicht verpflichtet, Cookies zu akzeptieren und k\u00f6nnen daher Ihren Browser so einstellen, dass er keine Cookies akzeptiert. Der Browser, den Sie zum Surfen im Internet verwenden, erm\u00f6glicht Ihnen nicht nur, Ihre Cookies zu sehen, sondern auch deren Verwendung zu kontrollieren.<\/p>\n<p>Sie k\u00f6nnen sie steuern, indem Sie alle oder einige von ihnen zulassen oder l\u00f6schen. Sie k\u00f6nnen Ihren Browser auch so einstellen, dass Cookies von keiner Website akzeptiert werden. Sie k\u00f6nnen den Browser auch so einstellen, dass er um Ihre Zustimmung bittet, bevor ein Cookie auf Ihrem Ger\u00e4t akzeptiert wird. Dies gibt Ihnen die volle Kontrolle \u00fcber Cookies, hat aber den Nachteil, dass Ihr Surfen im Internet verlangsamt wird.<\/p>\n<p>Es sollte betont werden, dass es verschiedene Ebenen der Cookie-Kontrolle gibt. Sie haben die M\u00f6glichkeit, \u00fcber Ihren Browser festzulegen, dass Sie keine Cookies von Drittanbietern oder Cookies f\u00fcr verhaltensbezogene Werbung erhalten m\u00f6chten. In einigen Browsern k\u00f6nnen Sie sogar bestimmte Unternehmen blockieren, von denen Sie keine Cookies erhalten m\u00f6chten.<\/p>\n<p>Datenschutzrichtlinie<\/p>\n<p>Die Verwaltung und der Schutz der personenbezogenen Daten des Besuchers\/Benutzers der Dienste unserer Website unterliegen den Bestimmungen dieses Abschnitts sowie den einschl\u00e4gigen Bestimmungen des griechischen Gesetzes (Gesetz 2472\/1997 zum Schutz von Personen vor dem Schutz personenbezogener Daten in der ge\u00e4nderten Fassung der Entscheidungen des Pr\u00e4sidenten des Ausschusses f\u00fcr den Schutz personenbezogener Daten, der Pr\u00e4sidialdekrete 207\/1998 und 79\/2000 und des Artikels 8 des Gesetzes 2819\/2000) und des europ\u00e4ischen Rechts (Richtlinien 95\/46\/EG und 97\/66 \/ VON). Die vorliegenden Bedingungen sind unter Ber\u00fccksichtigung sowohl der rasanten Entwicklung der Technik und insbesondere des Internets als auch des bestehenden \u2013 wenn auch noch nicht ausgereiften \u2013 Netzes gesetzlicher Regelungen zu diesen Themen formuliert. In diesem Zusammenhang werden alle m\u00f6glichen relevanten Vorschriften Gegenstand dieses Abschnitts sein. In jedem Fall beh\u00e4lt sich unsere Website das Recht vor, die Datenschutzbestimmungen f\u00fcr personenbezogene Daten nach Benachrichtigung der Besucher \/ Benutzer und innerhalb des bestehenden oder potenziellen gesetzlichen Rahmens zu \u00e4ndern. Wenn ein Besucher \/ Benutzer mit den in diesem Abschnitt angegebenen Bedingungen zum Schutz personenbezogener Daten nicht einverstanden ist, darf er die Dienste unserer Website www.petradihotel.gr nicht nutzen.<\/p>\n<p>Die vom Netzwerk gesammelten personenbezogenen Daten sind die folgenden:<\/p>\n<p>Werbung. Der Besucher \/ Benutzer, der an Werbung auf unserer Website interessiert ist, um alle daf\u00fcr erforderlichen Informationen zu erhalten, sollte die folgenden Informationen in den entsprechenden Antrag eintragen: Name \/ Firmenname &#8211; Adresse \/ Hauptsitz &#8211; Telefon &#8211; Fax &#8211; E-Mail &#8211; Name Verantwortlicher &#8211; Stadt &#8211; Land. Unsere Website ist nicht verantwortlich f\u00fcr die Datenschutzrichtlinie, die von den Werbetreibenden auf ihr bei ihren Transaktionen mit den Besuchern \/ Nutzern dieser Dienste befolgt wird.<br \/>\nLinks zu anderen Seiten (&#8222;Links&#8220;). Unsere Website enth\u00e4lt Links (&#8222;Links&#8220;) zu anderen Websites, die nicht von uns, sondern von Dritten (nat\u00fcrlichen oder juristischen Personen) kontrolliert werden. In keinem Fall ist unsere Website f\u00fcr die von ihnen befolgten Datenschutzbestimmungen verantwortlich.<br \/>\nIP-Adressen. Die IP-Adresse, \u00fcber die der PC Zugang zum Internet und dann zu unserer Website hat, wird ausschlie\u00dflich f\u00fcr die Erhebung statistischer Daten verwendet.<br \/>\nAllgemeine Bedingungen zum Schutz personenbezogener Daten.<\/p>\n<p>Unsere Website www.petradihotel.gr sch\u00fctzt den pers\u00f6nlichen Charakter Ihrer Daten und kann sie aus keinem Grund an Dritte (nat\u00fcrliche oder juristische Personen) weitergeben, mit Ausnahme der einschl\u00e4gigen gesetzlichen Bestimmungen und nur an die zust\u00e4ndigen Beh\u00f6rden.<\/p>\n<p>Unsere Website www.petradihotel.gr verwaltet Dateien mit pers\u00f6nlichen Informationen, die der Besucher \/ Benutzer ausschlie\u00dflich zu Kommunikations-, Finanz- und Steuerzwecken sendet.<\/p>\n<p>Der Besucher \/ Benutzer kann sich an die zust\u00e4ndige Abteilung wenden, um das Vorhandensein der Personalakte, ihre Korrektur, ihre \u00c4nderung oder ihre L\u00f6schung zu \u00fcberpr\u00fcfen.<\/p>\n<p>Unsere Website und insbesondere die Marketingabteilung k\u00f6nnen einen Teil oder alle der von Ihnen gesendeten Daten f\u00fcr statistische, finanzielle und Verbesserung der bereitgestellten Dienste verarbeiten &#8211; Informationen.<\/p>\n","protected":false},"excerpt":{"rendered":"<p>Datenschutz-Bestimmungen Die Datenschutzrichtlinie umfasst die Bedingungen f\u00fcr die Erhebung und Verwaltung der Daten von Besuchern\/Benutzern\/Mitgliedern (im Folgenden: Benutzer) unserer Website<\/p>\n","protected":false},"author":1,"featured_media":0,"parent":0,"menu_order":0,"comment_status":"closed","ping_status":"closed","template":"","meta":[],"yoast_head":"<!-- This site is optimized with the Yoast SEO plugin v20.4 - https:\/\/yoast.com\/wordpress\/plugins\/seo\/ -->\n<title>Cookie-Richtlinie und personenbezogene Daten | Petradi Hotel<\/title>\n<meta name=\"robots\" content=\"index, follow, max-snippet:-1, max-image-preview:large, max-video-preview:-1\" \/>\n<link rel=\"canonical\" href=\"https:\/\/petradihotel.gr\/de\/privacy-policy\/\" \/>\n<meta property=\"og:locale\" content=\"de_DE\" \/>\n<meta property=\"og:type\" content=\"article\" \/>\n<meta property=\"og:title\" content=\"Cookie-Richtlinie und personenbezogene Daten | Petradi Hotel\" \/>\n<meta property=\"og:description\" content=\"Datenschutz-Bestimmungen Die Datenschutzrichtlinie umfasst die Bedingungen f\u00fcr die Erhebung und Verwaltung der Daten von Besuchern\/Benutzern\/Mitgliedern (im Folgenden: Benutzer) unserer Website\" \/>\n<meta property=\"og:url\" content=\"https:\/\/petradihotel.gr\/de\/privacy-policy\/\" \/>\n<meta property=\"og:site_name\" content=\"Petradi Hotel\" \/>\n<meta property=\"article:publisher\" content=\"https:\/\/www.facebook.com\/petradihotelpelion\/\" \/>\n<meta property=\"article:modified_time\" content=\"2022-08-11T10:30:56+00:00\" \/>\n<meta name=\"twitter:card\" content=\"summary_large_image\" \/>\n<meta name=\"twitter:label1\" content=\"Gesch\u00e4tzte Lesezeit\" \/>\n\t<meta name=\"twitter:data1\" content=\"5\u00a0Minuten\" \/>\n<script type=\"application\/ld+json\" class=\"yoast-schema-graph\">{\"@context\":\"https:\/\/schema.org\",\"@graph\":[{\"@type\":\"WebPage\",\"@id\":\"https:\/\/petradihotel.gr\/de\/privacy-policy\/\",\"url\":\"https:\/\/petradihotel.gr\/de\/privacy-policy\/\",\"name\":\"Cookie-Richtlinie und personenbezogene Daten | Petradi Hotel\",\"isPartOf\":{\"@id\":\"https:\/\/petradihotel.gr\/#website\"},\"datePublished\":\"2022-06-14T14:47:26+00:00\",\"dateModified\":\"2022-08-11T10:30:56+00:00\",\"breadcrumb\":{\"@id\":\"https:\/\/petradihotel.gr\/de\/privacy-policy\/#breadcrumb\"},\"inLanguage\":\"de\",\"potentialAction\":[{\"@type\":\"ReadAction\",\"target\":[\"https:\/\/petradihotel.gr\/de\/privacy-policy\/\"]}]},{\"@type\":\"BreadcrumbList\",\"@id\":\"https:\/\/petradihotel.gr\/de\/privacy-policy\/#breadcrumb\",\"itemListElement\":[{\"@type\":\"ListItem\",\"position\":1,\"name\":\"\u0391\u03c1\u03c7\u03b9\u03ba\u03ae\",\"item\":\"https:\/\/petradihotel.gr\/de\/\"},{\"@type\":\"ListItem\",\"position\":2,\"name\":\"Cookie-Richtlinie und personenbezogene Daten\"}]},{\"@type\":\"WebSite\",\"@id\":\"https:\/\/petradihotel.gr\/#website\",\"url\":\"https:\/\/petradihotel.gr\/\",\"name\":\"Petradi Hotel\",\"description\":\"3star All Seasons Hotel in Kalamaki, Pelion\",\"publisher\":{\"@id\":\"https:\/\/petradihotel.gr\/#organization\"},\"potentialAction\":[{\"@type\":\"SearchAction\",\"target\":{\"@type\":\"EntryPoint\",\"urlTemplate\":\"https:\/\/petradihotel.gr\/?s={search_term_string}\"},\"query-input\":\"required name=search_term_string\"}],\"inLanguage\":\"de\"},{\"@type\":\"Organization\",\"@id\":\"https:\/\/petradihotel.gr\/#organization\",\"name\":\"Petradi Hotel\",\"url\":\"https:\/\/petradihotel.gr\/\",\"logo\":{\"@type\":\"ImageObject\",\"inLanguage\":\"de\",\"@id\":\"https:\/\/petradihotel.gr\/#\/schema\/logo\/image\/\",\"url\":\"https:\/\/petradihotel.gr\/wp-content\/uploads\/2023\/03\/pilio_diamoni_petradi_hotel_logo_main.png\",\"contentUrl\":\"https:\/\/petradihotel.gr\/wp-content\/uploads\/2023\/03\/pilio_diamoni_petradi_hotel_logo_main.png\",\"width\":393,\"height\":117,\"caption\":\"Petradi Hotel\"},\"image\":{\"@id\":\"https:\/\/petradihotel.gr\/#\/schema\/logo\/image\/\"},\"sameAs\":[\"https:\/\/www.facebook.com\/petradihotelpelion\/\",\"https:\/\/www.instagram.com\/petradihotel\/\"]}]}<\/script>\n<!-- \/ Yoast SEO plugin. -->","yoast_head_json":{"title":"Cookie-Richtlinie und personenbezogene Daten | Petradi Hotel","robots":{"index":"index","follow":"follow","max-snippet":"max-snippet:-1","max-image-preview":"max-image-preview:large","max-video-preview":"max-video-preview:-1"},"canonical":"https:\/\/petradihotel.gr\/de\/privacy-policy\/","og_locale":"de_DE","og_type":"article","og_title":"Cookie-Richtlinie und personenbezogene Daten | Petradi Hotel","og_description":"Datenschutz-Bestimmungen Die Datenschutzrichtlinie umfasst die Bedingungen f\u00fcr die Erhebung und Verwaltung der Daten von Besuchern\/Benutzern\/Mitgliedern (im Folgenden: Benutzer) unserer Website","og_url":"https:\/\/petradihotel.gr\/de\/privacy-policy\/","og_site_name":"Petradi Hotel","article_publisher":"https:\/\/www.facebook.com\/petradihotelpelion\/","article_modified_time":"2022-08-11T10:30:56+00:00","twitter_card":"summary_large_image","twitter_misc":{"Gesch\u00e4tzte Lesezeit":"5\u00a0Minuten"},"schema":{"@context":"https:\/\/schema.org","@graph":[{"@type":"WebPage","@id":"https:\/\/petradihotel.gr\/de\/privacy-policy\/","url":"https:\/\/petradihotel.gr\/de\/privacy-policy\/","name":"Cookie-Richtlinie und personenbezogene Daten | Petradi Hotel","isPartOf":{"@id":"https:\/\/petradihotel.gr\/#website"},"datePublished":"2022-06-14T14:47:26+00:00","dateModified":"2022-08-11T10:30:56+00:00","breadcrumb":{"@id":"https:\/\/petradihotel.gr\/de\/privacy-policy\/#breadcrumb"},"inLanguage":"de","potentialAction":[{"@type":"ReadAction","target":["https:\/\/petradihotel.gr\/de\/privacy-policy\/"]}]},{"@type":"BreadcrumbList","@id":"https:\/\/petradihotel.gr\/de\/privacy-policy\/#breadcrumb","itemListElement":[{"@type":"ListItem","position":1,"name":"\u0391\u03c1\u03c7\u03b9\u03ba\u03ae","item":"https:\/\/petradihotel.gr\/de\/"},{"@type":"ListItem","position":2,"name":"Cookie-Richtlinie und personenbezogene Daten"}]},{"@type":"WebSite","@id":"https:\/\/petradihotel.gr\/#website","url":"https:\/\/petradihotel.gr\/","name":"Petradi Hotel","description":"3star All Seasons Hotel in Kalamaki, Pelion","publisher":{"@id":"https:\/\/petradihotel.gr\/#organization"},"potentialAction":[{"@type":"SearchAction","target":{"@type":"EntryPoint","urlTemplate":"https:\/\/petradihotel.gr\/?s={search_term_string}"},"query-input":"required name=search_term_string"}],"inLanguage":"de"},{"@type":"Organization","@id":"https:\/\/petradihotel.gr\/#organization","name":"Petradi Hotel","url":"https:\/\/petradihotel.gr\/","logo":{"@type":"ImageObject","inLanguage":"de","@id":"https:\/\/petradihotel.gr\/#\/schema\/logo\/image\/","url":"https:\/\/petradihotel.gr\/wp-content\/uploads\/2023\/03\/pilio_diamoni_petradi_hotel_logo_main.png","contentUrl":"https:\/\/petradihotel.gr\/wp-content\/uploads\/2023\/03\/pilio_diamoni_petradi_hotel_logo_main.png","width":393,"height":117,"caption":"Petradi Hotel"},"image":{"@id":"https:\/\/petradihotel.gr\/#\/schema\/logo\/image\/"},"sameAs":["https:\/\/www.facebook.com\/petradihotelpelion\/","https:\/\/www.instagram.com\/petradihotel\/"]}]}},"_links":{"self":[{"href":"https:\/\/petradihotel.gr\/de\/wp-json\/wp\/v2\/pages\/1201"}],"collection":[{"href":"https:\/\/petradihotel.gr\/de\/wp-json\/wp\/v2\/pages"}],"about":[{"href":"https:\/\/petradihotel.gr\/de\/wp-json\/wp\/v2\/types\/page"}],"author":[{"embeddable":true,"href":"https:\/\/petradihotel.gr\/de\/wp-json\/wp\/v2\/users\/1"}],"replies":[{"embeddable":true,"href":"https:\/\/petradihotel.gr\/de\/wp-json\/wp\/v2\/comments?post=1201"}],"version-history":[{"count":1,"href":"https:\/\/petradihotel.gr\/de\/wp-json\/wp\/v2\/pages\/1201\/revisions"}],"predecessor-version":[{"id":1307,"href":"https:\/\/petradihotel.gr\/de\/wp-json\/wp\/v2\/pages\/1201\/revisions\/1307"}],"wp:attachment":[{"href":"https:\/\/petradihotel.gr\/de\/wp-json\/wp\/v2\/media?parent=1201"}],"curies":[{"name":"wp","href":"https:\/\/api.w.org\/{rel}","templated":true}]}}